{"id":12,"date":"2019-09-12T15:21:20","date_gmt":"2019-09-12T14:21:20","guid":{"rendered":"https:\/\/maisonlamothe.com\/?page_id=12"},"modified":"2021-06-14T08:30:14","modified_gmt":"2021-06-14T07:30:14","slug":"home-page","status":"publish","type":"page","link":"https:\/\/maisonlamothe.com\/en","title":{"rendered":"Home page"},"content":{"rendered":"<div class=\"wpb-content-wrapper\"><p>[vc_row el_class=&#8221;homeslider&#8221;][vc_column]\n\t\t\t\n<!-- START home page slider REVOLUTION SLIDER 6.7.14 -->\n<p class=\"rs-p-wp-fix\"><\/p>\n\t\t\t<rs-module-wrap id=\"rev_slider_1_1_wrapper\" data-source=\"gallery\" style=\"visibility:hidden;background:transparent;padding:0;\">\n\t\t\t\t<rs-module id=\"rev_slider_1_1\" style=\"\" data-version=\"6.7.14\">\n\t\t\t\t\t<rs-slides style=\"overflow: hidden; position: absolute;\">\n\t\t\t\t\t\t<rs-slide style=\"position: absolute;\" data-key=\"rs-36\" data-title=\"Slide\" data-anim=\"ms:1000;r:0;\" data-in=\"o:0;\" data-out=\"a:false;\">\n\t\t\t\t\t\t\t<img decoding=\"async\" src=\"\/\/maisonlamothe.com\/wp-content\/plugins\/revslider\/sr6\/assets\/assets\/dummy.png\" alt=\"\" title=\"20210905_084425\" width=\"1920\" height=\"865\" class=\"rev-slidebg tp-rs-img rs-lazyload\" data-lazyload=\"\/\/maisonlamothe.com\/wp-content\/uploads\/2021\/12\/20210905_084425.jpg\" data-no-retina>\n<!---->\n\t\t\t\t\t<\/rs-slide>\n\t\t\t\t\t\t<rs-slide style=\"position: absolute;\" data-key=\"rs-87\" data-title=\"Slide\" data-anim=\"ms:1000;r:0;\" data-in=\"o:0;\" data-out=\"a:false;\">\n\t\t\t\t\t\t\t<img decoding=\"async\" src=\"\/\/maisonlamothe.com\/wp-content\/plugins\/revslider\/sr6\/assets\/assets\/dummy.png\" alt=\"\" title=\"IMG_1476\" width=\"1920\" height=\"1440\" class=\"rev-slidebg tp-rs-img rs-lazyload\" data-lazyload=\"\/\/maisonlamothe.com\/wp-content\/uploads\/2020\/06\/IMG_1476-1.jpeg\" data-no-retina>\n<!---->\n\t\t\t\t\t<\/rs-slide>\n\t\t\t\t\t\t<rs-slide style=\"position: absolute;\" data-key=\"rs-61\" data-title=\"Slide\" data-anim=\"ms:1000;r:0;\" data-in=\"o:0;\" data-out=\"a:false;\">\n\t\t\t\t\t\t\t<img decoding=\"async\" src=\"\/\/maisonlamothe.com\/wp-content\/plugins\/revslider\/sr6\/assets\/assets\/dummy.png\" alt=\"\" title=\"IMG_1415\" width=\"1920\" height=\"1440\" class=\"rev-slidebg tp-rs-img rs-lazyload\" data-lazyload=\"\/\/maisonlamothe.com\/wp-content\/uploads\/2020\/06\/IMG_1415.jpeg\" data-no-retina>\n<!---->\n\t\t\t\t\t<\/rs-slide>\n\t\t\t\t\t\t<rs-slide style=\"position: absolute;\" data-key=\"rs-38\" data-title=\"Slide\" data-anim=\"ms:1000;r:0;\" data-in=\"o:0;\" data-out=\"a:false;\">\n\t\t\t\t\t\t\t<img decoding=\"async\" src=\"\/\/maisonlamothe.com\/wp-content\/plugins\/revslider\/sr6\/assets\/assets\/dummy.png\" alt=\"\" title=\"Home page\" class=\"rev-slidebg tp-rs-img rs-lazyload\" data-lazyload=\"\/\/maisonlamothe.com\/wp-content\/uploads\/2019\/10\/Lamothe-Drone-1-1.jpg\" data-no-retina>\n<!---->\n\t\t\t\t\t<\/rs-slide>\n\t\t\t\t\t\t<rs-slide style=\"position: absolute;\" data-key=\"rs-60\" data-title=\"Slide\" data-anim=\"ms:1000;r:0;\" data-in=\"o:0;\" data-out=\"a:false;\">\n\t\t\t\t\t\t\t<img decoding=\"async\" src=\"\/\/maisonlamothe.com\/wp-content\/plugins\/revslider\/sr6\/assets\/assets\/dummy.png\" alt=\"\" title=\"IMG_8322\" width=\"1920\" height=\"1440\" class=\"rev-slidebg tp-rs-img rs-lazyload\" data-lazyload=\"\/\/maisonlamothe.com\/wp-content\/uploads\/2020\/06\/IMG_8322.jpeg\" data-bg=\"p:center bottom;\" data-no-retina>\n<!---->\n\t\t\t\t\t<\/rs-slide>\n\t\t\t\t\t\t<rs-slide style=\"position: absolute;\" data-key=\"rs-39\" data-title=\"Slide\" data-anim=\"ms:1000;r:0;\" data-in=\"o:0;\" data-out=\"a:false;\">\n\t\t\t\t\t\t\t<img decoding=\"async\" src=\"\/\/maisonlamothe.com\/wp-content\/plugins\/revslider\/sr6\/assets\/assets\/dummy.png\" alt=\"\" title=\"Home page\" class=\"rev-slidebg tp-rs-img rs-lazyload\" data-lazyload=\"\/\/maisonlamothe.com\/wp-content\/uploads\/2019\/10\/slider3.jpg\" data-no-retina>\n<!---->\n\t\t\t\t\t<\/rs-slide>\n\t\t\t\t\t<\/rs-slides>\n\t\t\t\t\t<rs-static-layers>\n<!--\n\n\t\t\t\t\t\t\t-->\n<rs-layer\n\t\t\t\t\t\t\t\tid=\"slider-1-slide-1-layer-0\" \n\t\t\t\t\t\t\t\tclass=\"rs-layer-static\"\n\t\t\t\t\t\t\t\tdata-type=\"image\"\n\t\t\t\t\t\t\t\tdata-xy=\"x:c;y:m;yo:0,0,-55px,-134px;\"\n\t\t\t\t\t\t\t\tdata-text=\"w:normal;s:20,16,12,7;l:0,20,15,9;\"\n\t\t\t\t\t\t\t\tdata-dim=\"w:439px,362px,275px,226px;h:177px,146px,110px,91px;\"\n\t\t\t\t\t\t\t\tdata-rsp_bd=\"off\"\n\t\t\t\t\t\t\t\tdata-onslides=\"s:1;\"\n\t\t\t\t\t\t\t\tdata-frame_999=\"o:0;st:w;\"\n\t\t\t\t\t\t\t\tstyle=\"z-index:9;\"\n\t\t\t\t\t\t\t><img decoding=\"async\" src=\"\/\/maisonlamothe.com\/wp-content\/plugins\/revslider\/sr6\/assets\/assets\/dummy.png\" alt=\"\" class=\"tp-rs-img rs-lazyload\" width=\"439\" height=\"177\" data-lazyload=\"\/\/maisonlamothe.com\/wp-content\/uploads\/2019\/10\/logo-maison-lamothe.png\" data-no-retina> \n\t\t\t\t\t\t\t<\/rs-layer>\n<!--\n\n\t\t\t\t\t\t\t-->\n<rs-layer\n\t\t\t\t\t\t\t\tid=\"slider-1-slide-1-layer-1\" \n\t\t\t\t\t\t\t\tclass=\"rs-layer-static\"\n\t\t\t\t\t\t\t\tdata-type=\"shape\"\n\t\t\t\t\t\t\t\tdata-xy=\"x:c;y:m;\"\n\t\t\t\t\t\t\t\tdata-text=\"w:normal;s:20,16,12,7;l:0,20,15,9;\"\n\t\t\t\t\t\t\t\tdata-dim=\"w:100%;h:100%;\"\n\t\t\t\t\t\t\t\tdata-basealign=\"slide\"\n\t\t\t\t\t\t\t\tdata-rsp_bd=\"off\"\n\t\t\t\t\t\t\t\tdata-onslides=\"s:1;\"\n\t\t\t\t\t\t\t\tdata-frame_999=\"o:0;st:w;\"\n\t\t\t\t\t\t\t\tstyle=\"z-index:8;background-color:rgba(0,0,0,0.35);\"\n\t\t\t\t\t\t\t> \n\t\t\t\t\t\t\t<\/rs-layer>\n<!--\n\n\t\t\t\t\t\t\t-->\n<rs-layer\n\t\t\t\t\t\t\t\tid=\"slider-1-slide-1-layer-2\" \n\t\t\t\t\t\t\t\tclass=\"rs-layer-static\"\n\t\t\t\t\t\t\t\tdata-type=\"text\"\n\t\t\t\t\t\t\t\tdata-xy=\"x:c;y:m;yo:233px,192px,145px,89px;\"\n\t\t\t\t\t\t\t\tdata-text=\"w:normal;s:20,16,12,15;l:25,20,15,20;a:center;\"\n\t\t\t\t\t\t\t\tdata-rsp_bd=\"off\"\n\t\t\t\t\t\t\t\tdata-onslides=\"s:1;\"\n\t\t\t\t\t\t\t\tdata-frame_0=\"x:0,0,0,0px;y:0,0,0,0px;\"\n\t\t\t\t\t\t\t\tdata-frame_1=\"x:0,0,0,0px;y:0,0,0,0px;\"\n\t\t\t\t\t\t\t\tdata-frame_999=\"o:0;st:w;\"\n\t\t\t\t\t\t\t\tstyle=\"z-index:10;font-family:'Roboto';\"\n\t\t\t\t\t\t\t><h3 class=\"homeh3\">Welcome to Gascony <\/h3><h1 class=\"homeh1\">Chambres & table d'h\u00f4tes<br \/>\nin Flamarens, Gers<\/h1><br \/>\n<a href=\"#stay\"><i style=\"font-size:60px;\" class=\"fas fa-chevron-down fa-5x\"><\/i><\/a><br \/>\n \n\t\t\t\t\t\t\t<\/rs-layer>\n<!--\n\t\t\t\t\t-->\n<\/rs-static-layers>\n\t\t\t\t<\/rs-module>\n\t\t\t\t\n<script>\n\t\t\t\t\tsetREVStartSize({c: 'rev_slider_1_1',rl:[1240,1024,778,480],el:[900,768,960,720],gw:[1240,1024,778,480],gh:[900,768,960,720],type:'standard',justify:'',layout:'fullscreen',offsetContainer:'',offset:'',mh:\"0\"});if (window.RS_MODULES!==undefined && window.RS_MODULES.modules!==undefined && window.RS_MODULES.modules[\"revslider11\"]!==undefined) {window.RS_MODULES.modules[\"revslider11\"].once = false;window.revapi1 = undefined;if (window.RS_MODULES.checkMinimal!==undefined) window.RS_MODULES.checkMinimal()}\n\t\t\t\t<\/script>\n\t\t\t<\/rs-module-wrap>\n\t\t\t\n<!-- END REVOLUTION SLIDER -->\n[\/vc_column][\/vc_row][vc_row el_id=&#8221;stay&#8221; el_class=&#8221;white&#8221;][vc_column][vc_row_inner content_placement=&#8221;middle&#8221;][vc_column_inner width=&#8221;1\/2&#8243;][vc_single_image image=&#8221;892&#8243; img_size=&#8221;850&#215;574&#8243;][\/vc_column_inner][vc_column_inner el_class=&#8221;righttext&#8221; width=&#8221;1\/2&#8243;][vc_column_text el_id=&#8221;stay&#8221;]<\/p>\n<h2>Staying with us<\/h2>\n<p>Welcome to our beautifully restored 19th Century Gascon farmhouse in Flamarens, just 50 minutes from Toulouse airport and 30 minutes from Agen railway station. Set in rolling countryside, our home with 5 acres of gardens is available to rent enti\u00e8re (the whole property) for periods of 1 week or more. Or on a chambres d&#8217;h\u00f4tes bed and breakfast basis you can stay for one night or longer; table d&#8217;h\u00f4te evening meals can also be provided on request.<\/p>\n<p><a class=\"btnlink\" href=\"https:\/\/maisonlamothe.com\/en\/accommodation-food\/\">Read more<\/a>[\/vc_column_text][\/vc_column_inner][\/vc_row_inner][vc_row_inner content_placement=&#8221;middle&#8221; el_class=&#8221;margin&#8221;][vc_column_inner el_class=&#8221;lefttext&#8221; width=&#8221;1\/2&#8243;][vc_column_text]<\/p>\n<h2>High quality events &amp; celebrations<\/h2>\n<p>We provide a high-quality accommodation, food and events service \u2013 including hosting retreats, workshops, family celebrations or intimate weddings. We can provide a marquee, catering, flowers, photographer, music and any other requirements you may have. We are also a perfect venue for pre and post wedding parties \u2013 by the Swimming Pool in summer months \u2013 possibly for those who may wish to marry at one of the nearby chateaux.<\/p>\n<p><a class=\"btnlink\" href=\"https:\/\/maisonlamothe.com\/en\/accommodation-food\/\">Read more<\/a>[\/vc_column_text][\/vc_column_inner][vc_column_inner width=&#8221;1\/2&#8243;][vc_single_image image=&#8221;945&#8243; img_size=&#8221;850&#215;574&#8243;][\/vc_column_inner][\/vc_row_inner][vc_row_inner content_placement=&#8221;middle&#8221; el_class=&#8221;margin&#8221;][vc_column_inner width=&#8221;1\/2&#8243;][vc_single_image image=&#8221;320&#8243; img_size=&#8221;850&#215;574&#8243;][\/vc_column_inner][vc_column_inner el_class=&#8221;righttext&#8221; width=&#8221;1\/2&#8243;][vc_column_text]<\/p>\n<h2>In the heart of Gascony<\/h2>\n<p>Loosely speaking, just West of Toulouse, in the department of Le Gers, you will find Gascony (French: Gascogne), an area that ceased to be officially recognised after the revolution of 1789. It now forms part of La R\u00e9gion Occitanie (previously known as Midi- Pyr\u00e9n\u00e9es, which you will still see on many road signs). Home of the musketeer D\u2019Artagnan, as well as Cyrano de Bergerac, the people of Gascony are proud, individualistic souls who see themselves as very separate from the rest of France.<\/p>\n<p><a class=\"btnlink\" href=\"https:\/\/maisonlamothe.com\/en\/nearby-activities\">Places of interest<\/a>[\/vc_column_text][\/vc_column_inner][\/vc_row_inner][vc_row_inner content_placement=&#8221;middle&#8221; el_class=&#8221;margin&#8221;][vc_column_inner el_class=&#8221;lefttext&#8221; width=&#8221;1\/2&#8243;][vc_column_text]<\/p>\n<h2>Our story<\/h2>\n<p>Originally from South West London, after years spent in banking and management consultancy, in 2016 we upped sticks and moved to Normandy. Renting a farmhouse close to the sea between Saint-L\u00f4 and Mont St Michel, we spent a very happy year there and made some life-long French friends. It was a great introduction to French life but when our lease came to an end we decided to experiment in warmer climes.<\/p>\n<p><a class=\"btnlink\" href=\"https:\/\/maisonlamothe.com\/en\/our-story\/\">Read more<\/a>[\/vc_column_text][\/vc_column_inner][vc_column_inner width=&#8221;1\/2&#8243;][vc_single_image image=&#8221;152&#8243; img_size=&#8221;850&#215;574&#8243;][\/vc_column_inner][\/vc_row_inner][\/vc_column][\/vc_row]<\/p>\n<\/div>","protected":false},"excerpt":{"rendered":"<p>[vc_row el_class=&#8221;homeslider&#8221;][vc_column][\/vc_column][\/vc_row][vc_row el_id=&#8221;stay&#8221; el_class=&#8221;white&#8221;][vc_column][vc_row_inner content_placement=&#8221;middle&#8221;][vc_column_inner width=&#8221;1\/2&#8243;][vc_single_image image=&#8221;892&#8243; img_size=&#8221;850&#215;574&#8243;][\/vc_column_inner][vc_column_inner el_class=&#8221;righttext&#8221; width=&#8221;1\/2&#8243;][vc_column_text el_id=&#8221;stay&#8221;] Staying with us Welcome to our beautifully restored 19th Century Gascon farmhouse in Flamarens, just 50 minutes from Toulouse airport and 30 minutes from Agen railway station. Set in rolling countryside, our home with 5 acres of gardens is available to rent enti\u00e8re (the [&hellip;]<\/p>","protected":false},"author":1,"featured_media":0,"parent":0,"menu_order":0,"comment_status":"closed","ping_status":"closed","template":"","meta":{"_acf_changed":false,"footnotes":""},"class_list":["post-12","page","type-page","status-publish","hentry"],"acf":[],"yoast_head":"<!-- This site is optimized with the Yoast SEO plugin v25.2 - https:\/\/yoast.com\/wordpress\/plugins\/seo\/ -->\n<title>Maison Lamothe | Chambres &amp; table d&#039;h\u00f4tes in Gascony<\/title>\n<meta name=\"description\" content=\"Welcome to our beautifully restored 19th Century Gascon farmhouse in Flamarens, just 50 minutes from Toulouse airport.\" \/>\n<meta name=\"robots\" content=\"index, follow, max-snippet:-1, max-image-preview:large, max-video-preview:-1\" \/>\n<link rel=\"canonical\" href=\"https:\/\/maisonlamothe.com\/en\" \/>\n<meta property=\"og:locale\" content=\"en_US\" \/>\n<meta property=\"og:type\" content=\"article\" \/>\n<meta property=\"og:title\" content=\"Maison Lamothe | Chambres &amp; table d&#039;h\u00f4tes in Gascony\" \/>\n<meta property=\"og:description\" content=\"Welcome to our beautifully restored 19th Century Gascon farmhouse in Flamarens, just 50 minutes from Toulouse airport.\" \/>\n<meta property=\"og:url\" content=\"https:\/\/maisonlamothe.com\/en\" \/>\n<meta property=\"og:site_name\" content=\"Maison Lamothe\" \/>\n<meta property=\"article:modified_time\" content=\"2021-06-14T07:30:14+00:00\" \/>\n<meta name=\"twitter:card\" content=\"summary_large_image\" \/>\n<meta name=\"twitter:label1\" content=\"Est. reading time\" \/>\n\t<meta name=\"twitter:data1\" content=\"3 minutes\" \/>\n<script type=\"application\/ld+json\" class=\"yoast-schema-graph\">{\"@context\":\"https:\/\/schema.org\",\"@graph\":[{\"@type\":\"WebPage\",\"@id\":\"https:\/\/maisonlamothe.com\/en\",\"url\":\"https:\/\/maisonlamothe.com\/en\",\"name\":\"Maison Lamothe | Chambres & table d'h\u00f4tes in Gascony\",\"isPartOf\":{\"@id\":\"https:\/\/maisonlamothe.com\/en#website\"},\"datePublished\":\"2019-09-12T14:21:20+00:00\",\"dateModified\":\"2021-06-14T07:30:14+00:00\",\"description\":\"Welcome to our beautifully restored 19th Century Gascon farmhouse in Flamarens, just 50 minutes from Toulouse airport.\",\"breadcrumb\":{\"@id\":\"https:\/\/maisonlamothe.com\/en#breadcrumb\"},\"inLanguage\":\"en-US\",\"potentialAction\":[{\"@type\":\"ReadAction\",\"target\":[\"https:\/\/maisonlamothe.com\/en\"]}]},{\"@type\":\"BreadcrumbList\",\"@id\":\"https:\/\/maisonlamothe.com\/en#breadcrumb\",\"itemListElement\":[{\"@type\":\"ListItem\",\"position\":1,\"name\":\"Home\",\"item\":\"https:\/\/maisonlamothe.com\/en\"},{\"@type\":\"ListItem\",\"position\":2,\"name\":\"Home page\"}]},{\"@type\":\"WebSite\",\"@id\":\"https:\/\/maisonlamothe.com\/en#website\",\"url\":\"https:\/\/maisonlamothe.com\/en\",\"name\":\"Maison Lamothe\",\"description\":\"Just another WordPress site\",\"potentialAction\":[{\"@type\":\"SearchAction\",\"target\":{\"@type\":\"EntryPoint\",\"urlTemplate\":\"https:\/\/maisonlamothe.com\/en?s={search_term_string}\"},\"query-input\":{\"@type\":\"PropertyValueSpecification\",\"valueRequired\":true,\"valueName\":\"search_term_string\"}}],\"inLanguage\":\"en-US\"}]}<\/script>\n<!-- \/ Yoast SEO plugin. -->","yoast_head_json":{"title":"Maison Lamothe | Chambres & table d'h\u00f4tes in Gascony","description":"Welcome to our beautifully restored 19th Century Gascon farmhouse in Flamarens, just 50 minutes from Toulouse airport.","robots":{"index":"index","follow":"follow","max-snippet":"max-snippet:-1","max-image-preview":"max-image-preview:large","max-video-preview":"max-video-preview:-1"},"canonical":"https:\/\/maisonlamothe.com\/en","og_locale":"en_US","og_type":"article","og_title":"Maison Lamothe | Chambres & table d'h\u00f4tes in Gascony","og_description":"Welcome to our beautifully restored 19th Century Gascon farmhouse in Flamarens, just 50 minutes from Toulouse airport.","og_url":"https:\/\/maisonlamothe.com\/en","og_site_name":"Maison Lamothe","article_modified_time":"2021-06-14T07:30:14+00:00","twitter_card":"summary_large_image","twitter_misc":{"Est. reading time":"3 minutes"},"schema":{"@context":"https:\/\/schema.org","@graph":[{"@type":"WebPage","@id":"https:\/\/maisonlamothe.com\/en","url":"https:\/\/maisonlamothe.com\/en","name":"Maison Lamothe | Chambres & table d'h\u00f4tes in Gascony","isPartOf":{"@id":"https:\/\/maisonlamothe.com\/en#website"},"datePublished":"2019-09-12T14:21:20+00:00","dateModified":"2021-06-14T07:30:14+00:00","description":"Welcome to our beautifully restored 19th Century Gascon farmhouse in Flamarens, just 50 minutes from Toulouse airport.","breadcrumb":{"@id":"https:\/\/maisonlamothe.com\/en#breadcrumb"},"inLanguage":"en-US","potentialAction":[{"@type":"ReadAction","target":["https:\/\/maisonlamothe.com\/en"]}]},{"@type":"BreadcrumbList","@id":"https:\/\/maisonlamothe.com\/en#breadcrumb","itemListElement":[{"@type":"ListItem","position":1,"name":"Home","item":"https:\/\/maisonlamothe.com\/en"},{"@type":"ListItem","position":2,"name":"Home page"}]},{"@type":"WebSite","@id":"https:\/\/maisonlamothe.com\/en#website","url":"https:\/\/maisonlamothe.com\/en","name":"Maison Lamothe","description":"Just another WordPress site","potentialAction":[{"@type":"SearchAction","target":{"@type":"EntryPoint","urlTemplate":"https:\/\/maisonlamothe.com\/en?s={search_term_string}"},"query-input":{"@type":"PropertyValueSpecification","valueRequired":true,"valueName":"search_term_string"}}],"inLanguage":"en-US"}]}},"_links":{"self":[{"href":"https:\/\/maisonlamothe.com\/en\/wp-json\/wp\/v2\/pages\/12","targetHints":{"allow":["GET"]}}],"collection":[{"href":"https:\/\/maisonlamothe.com\/en\/wp-json\/wp\/v2\/pages"}],"about":[{"href":"https:\/\/maisonlamothe.com\/en\/wp-json\/wp\/v2\/types\/page"}],"author":[{"embeddable":true,"href":"https:\/\/maisonlamothe.com\/en\/wp-json\/wp\/v2\/users\/1"}],"replies":[{"embeddable":true,"href":"https:\/\/maisonlamothe.com\/en\/wp-json\/wp\/v2\/comments?post=12"}],"version-history":[{"count":66,"href":"https:\/\/maisonlamothe.com\/en\/wp-json\/wp\/v2\/pages\/12\/revisions"}],"predecessor-version":[{"id":1755,"href":"https:\/\/maisonlamothe.com\/en\/wp-json\/wp\/v2\/pages\/12\/revisions\/1755"}],"wp:attachment":[{"href":"https:\/\/maisonlamothe.com\/en\/wp-json\/wp\/v2\/media?parent=12"}],"curies":[{"name":"wp","href":"https:\/\/api.w.org\/{rel}","templated":true}]}}